{"id":438,"date":"2025-10-21T11:12:14","date_gmt":"2025-10-21T09:12:14","guid":{"rendered":"https:\/\/bajenfansschack.johnmalmlund.com\/?page_id=438"},"modified":"2025-10-21T23:19:05","modified_gmt":"2025-10-21T21:19:05","slug":"stockholmsserien","status":"publish","type":"page","link":"https:\/\/bajenfansschack.johnmalmlund.com\/index.php\/stockholmsserien\/","title":{"rendered":"Stockholmsserien"},"content":{"rendered":"<div class=\"wpb-content-wrapper\">[vc_row][vc_column]<div class=\"vcex-module vcex-bullets vcex-bullets--vertical vcex-bullets-check\">\n<h2>2025\/2026<\/h2>\n<h3>Stockholmsserien (Division 5) Omg\u00e5ng 1 &#8211; 2025-10-19<\/h3>\n<p><strong>Bajen Fans Schack<\/strong><\/p>\n<p>Rikard Rubinstein &#8211; Bele Ullmark 1\/2-1\/2<br \/>\nMikael Karlsson &#8211; Bengt Eriksson 1\/2-1\/2<br \/>\n<a href=\"https:\/\/bajenfansschack.johnmalmlund.com\/index.php\/magnusbacklund-tomassilfver\/\">Magnus Backlund &#8211; Tomas Silfver 1\/2-1\/2<\/a><br \/>\nLennart Gustavsson &#8211; Dimitris Kalingas 1\/2-1\/2<br \/>\nArne H\u00f6\u00f6k &#8211; K\u00e5re Jonsson 0-1<\/p>\n<p><strong>Bajen Fans Schack II<\/strong><\/p>\n<p><a href=\"https:\/\/bajenfansschack.johnmalmlund.com\/index.php\/ritasehlberg-leokarlssonacuna\/\">Rita Sehlberg Gorgis &#8211; Leo Karlsson Acuna 0-1<\/a><br \/>\nKjell \u00c5ke Johansson &#8211; Mio Renstr\u00f6m 0-1<br \/>\n<a href=\"https:\/\/bajenfansschack.johnmalmlund.com\/index.php\/heddawesterberglande-joelpaulsson\/\">Joel Paulsson &#8211; Hedda Westerberg Lande 1-0<\/a><br \/>\nWalk-Over 0-1<br \/>\nWalk-Over 0-1<\/div>[\/vc_column][\/vc_row]\n<\/div>","protected":false},"excerpt":{"rendered":"<p>[vc_row][vc_column][\/vc_column][\/vc_row]<\/p>\n","protected":false},"author":1,"featured_media":0,"parent":0,"menu_order":0,"comment_status":"closed","ping_status":"closed","template":"","meta":{"footnotes":""},"class_list":["post-438","page","type-page","status-publish","hentry","entry","no-media"],"_links":{"self":[{"href":"https:\/\/bajenfansschack.johnmalmlund.com\/index.php\/wp-json\/wp\/v2\/pages\/438","targetHints":{"allow":["GET"]}}],"collection":[{"href":"https:\/\/bajenfansschack.johnmalmlund.com\/index.php\/wp-json\/wp\/v2\/pages"}],"about":[{"href":"https:\/\/bajenfansschack.johnmalmlund.com\/index.php\/wp-json\/wp\/v2\/types\/page"}],"author":[{"embeddable":true,"href":"https:\/\/bajenfansschack.johnmalmlund.com\/index.php\/wp-json\/wp\/v2\/users\/1"}],"replies":[{"embeddable":true,"href":"https:\/\/bajenfansschack.johnmalmlund.com\/index.php\/wp-json\/wp\/v2\/comments?post=438"}],"version-history":[{"count":8,"href":"https:\/\/bajenfansschack.johnmalmlund.com\/index.php\/wp-json\/wp\/v2\/pages\/438\/revisions"}],"predecessor-version":[{"id":501,"href":"https:\/\/bajenfansschack.johnmalmlund.com\/index.php\/wp-json\/wp\/v2\/pages\/438\/revisions\/501"}],"wp:attachment":[{"href":"https:\/\/bajenfansschack.johnmalmlund.com\/index.php\/wp-json\/wp\/v2\/media?parent=438"}],"curies":[{"name":"wp","href":"https:\/\/api.w.org\/{rel}","templated":true}]}}